{"id":1133,"date":"2024-09-15T20:12:01","date_gmt":"2024-09-15T19:12:01","guid":{"rendered":"https:\/\/osera.deebro.es\/?page_id=1133"},"modified":"2025-11-13T15:09:05","modified_gmt":"2025-11-13T14:09:05","slug":"horario-actividades","status":"publish","type":"page","link":"https:\/\/osera.deebro.es\/?page_id=1133","title":{"rendered":"Horario y Calendario 25\/26"},"content":{"rendered":"\n<p>Horario de las actividades deportivas del curso 2025\/2026<\/p>\n\n\n\n<figure class=\"wp-block-gallery has-nested-images columns-default is-cropped wp-block-gallery-1 is-layout-flex wp-block-gallery-is-layout-flex\">\n<figure class=\"wp-block-image size-full\"><a href=\"https:\/\/osera.deebro.es\/wp-content\/uploads\/2025\/11\/HORARIOS-ACTIVIDADES-25-26.png\"><img loading=\"lazy\" decoding=\"async\" width=\"1108\" height=\"331\" data-id=\"1921\" src=\"https:\/\/osera.deebro.es\/wp-content\/uploads\/2025\/11\/HORARIOS-ACTIVIDADES-25-26.png\" alt=\"\" class=\"wp-image-1921\" srcset=\"https:\/\/osera.deebro.es\/wp-content\/uploads\/2025\/11\/HORARIOS-ACTIVIDADES-25-26.png 1108w, https:\/\/osera.deebro.es\/wp-content\/uploads\/2025\/11\/HORARIOS-ACTIVIDADES-25-26-300x90.png 300w, https:\/\/osera.deebro.es\/wp-content\/uploads\/2025\/11\/HORARIOS-ACTIVIDADES-25-26-1024x306.png 1024w, https:\/\/osera.deebro.es\/wp-content\/uploads\/2025\/11\/HORARIOS-ACTIVIDADES-25-26-768x229.png 768w\" sizes=\"auto, (max-width: 1108px) 100vw, 1108px\" \/><\/a><\/figure>\n<\/figure>\n\n\n\n<p><\/p>\n\n\n\n<figure class=\"wp-block-gallery has-nested-images columns-default is-cropped wp-block-gallery-2 is-layout-flex wp-block-gallery-is-layout-flex\">\n<figure class=\"wp-block-image size-large\"><a href=\"https:\/\/osera.deebro.es\/wp-content\/uploads\/2025\/11\/1-Calendario-Temporada-Deportiva-2025-2026.jpg\"><img loading=\"lazy\" decoding=\"async\" width=\"724\" height=\"1024\" data-id=\"1918\" src=\"https:\/\/osera.deebro.es\/wp-content\/uploads\/2025\/11\/1-Calendario-Temporada-Deportiva-2025-2026-724x1024.jpg\" alt=\"\" class=\"wp-image-1918\" srcset=\"https:\/\/osera.deebro.es\/wp-content\/uploads\/2025\/11\/1-Calendario-Temporada-Deportiva-2025-2026-724x1024.jpg 724w, https:\/\/osera.deebro.es\/wp-content\/uploads\/2025\/11\/1-Calendario-Temporada-Deportiva-2025-2026-212x300.jpg 212w, https:\/\/osera.deebro.es\/wp-content\/uploads\/2025\/11\/1-Calendario-Temporada-Deportiva-2025-2026-768x1086.jpg 768w, https:\/\/osera.deebro.es\/wp-content\/uploads\/2025\/11\/1-Calendario-Temporada-Deportiva-2025-2026-1086x1536.jpg 1086w, https:\/\/osera.deebro.es\/wp-content\/uploads\/2025\/11\/1-Calendario-Temporada-Deportiva-2025-2026.jpg 1240w\" sizes=\"auto, (max-width: 724px) 100vw, 724px\" \/><\/a><\/figure>\n<\/figure>\n\n\n\n<p>El calendario de actividades podr\u00eda verse modificado seg\u00fan los diferentes festejos, en ese caso se avisar\u00eda con suficiente antelaci\u00f3n<\/p>\n","protected":false},"excerpt":{"rendered":"<p>Horario de las actividades deportivas del curso 2025\/2026 El calendario de actividades podr\u00eda verse modificado seg\u00fan los diferentes festejos, en ese caso se avisar\u00eda con suficiente antelaci\u00f3n<\/p>\n","protected":false},"author":3,"featured_media":0,"parent":0,"menu_order":0,"comment_status":"closed","ping_status":"closed","template":"","meta":{"footnotes":""},"class_list":["post-1133","page","type-page","status-publish","hentry"],"_links":{"self":[{"href":"https:\/\/osera.deebro.es\/index.php?rest_route=\/wp\/v2\/pages\/1133","targetHints":{"allow":["GET"]}}],"collection":[{"href":"https:\/\/osera.deebro.es\/index.php?rest_route=\/wp\/v2\/pages"}],"about":[{"href":"https:\/\/osera.deebro.es\/index.php?rest_route=\/wp\/v2\/types\/page"}],"author":[{"embeddable":true,"href":"https:\/\/osera.deebro.es\/index.php?rest_route=\/wp\/v2\/users\/3"}],"replies":[{"embeddable":true,"href":"https:\/\/osera.deebro.es\/index.php?rest_route=%2Fwp%2Fv2%2Fcomments&post=1133"}],"version-history":[{"count":8,"href":"https:\/\/osera.deebro.es\/index.php?rest_route=\/wp\/v2\/pages\/1133\/revisions"}],"predecessor-version":[{"id":1922,"href":"https:\/\/osera.deebro.es\/index.php?rest_route=\/wp\/v2\/pages\/1133\/revisions\/1922"}],"wp:attachment":[{"href":"https:\/\/osera.deebro.es\/index.php?rest_route=%2Fwp%2Fv2%2Fmedia&parent=1133"}],"curies":[{"name":"wp","href":"https:\/\/api.w.org\/{rel}","templated":true}]}}