{"id":1246,"date":"2024-10-02T15:50:23","date_gmt":"2024-10-02T14:50:23","guid":{"rendered":"https:\/\/osera.deebro.es\/?page_id=1246"},"modified":"2024-12-12T18:01:38","modified_gmt":"2024-12-12T17:01:38","slug":"bus-nocturno-n22","status":"publish","type":"page","link":"https:\/\/osera.deebro.es\/?page_id=1246","title":{"rendered":"Bus Nocturnos (N22 y N31)"},"content":{"rendered":"\n<p>La Linea Buho, solo tiene recorrido entre Zaragoza y Villafranca, las noches de los Viernes y S\u00e1bados y v\u00edsperas de Festivos.<\/p>\n\n\n\n<p>Tambi\u00e9n colgamos la alternativa del Bus Nocturno N31 entre Zaragoza y Pina de Ebro<\/p>\n\n\n\n<div class=\"wp-block-buttons is-content-justification-center is-layout-flex wp-container-core-buttons-is-layout-16018d1d wp-block-buttons-is-layout-flex\">\n<div class=\"wp-block-button\"><a class=\"wp-block-button__link wp-element-button\" href=\"https:\/\/www.consorciozaragoza.es\/sites\/default\/files\/N22_2024_V5.pdf\">N22<\/a><\/div>\n\n\n\n<div class=\"wp-block-button\"><a class=\"wp-block-button__link wp-element-button\" href=\"https:\/\/www.consorciozaragoza.es\/sites\/default\/files\/N31_202409_V2.pdf\">N31<\/a><\/div>\n<\/div>\n\n\n\n<figure class=\"wp-block-gallery has-nested-images columns-default is-cropped wp-block-gallery-1 is-layout-flex wp-block-gallery-is-layout-flex\">\n<figure class=\"wp-block-image size-full\"><a href=\"https:\/\/osera.deebro.es\/wp-content\/uploads\/2024\/12\/BusN22.jpg\"><img loading=\"lazy\" decoding=\"async\" width=\"772\" height=\"841\" data-id=\"1534\" src=\"https:\/\/osera.deebro.es\/wp-content\/uploads\/2024\/12\/BusN22.jpg\" alt=\"\" class=\"wp-image-1534\" srcset=\"https:\/\/osera.deebro.es\/wp-content\/uploads\/2024\/12\/BusN22.jpg 772w, https:\/\/osera.deebro.es\/wp-content\/uploads\/2024\/12\/BusN22-275x300.jpg 275w, https:\/\/osera.deebro.es\/wp-content\/uploads\/2024\/12\/BusN22-768x837.jpg 768w\" sizes=\"auto, (max-width: 772px) 100vw, 772px\" \/><\/a><\/figure>\n<\/figure>\n\n\n\n<figure class=\"wp-block-gallery has-nested-images columns-default is-cropped wp-block-gallery-2 is-layout-flex wp-block-gallery-is-layout-flex\">\n<figure class=\"wp-block-image size-large\"><a href=\"https:\/\/osera.deebro.es\/wp-content\/uploads\/2024\/10\/1727880421149.jpg\"><img loading=\"lazy\" decoding=\"async\" width=\"726\" height=\"1024\" data-id=\"1248\" src=\"https:\/\/osera.deebro.es\/wp-content\/uploads\/2024\/10\/1727880421149-726x1024.jpg\" alt=\"\" class=\"wp-image-1248\" srcset=\"https:\/\/osera.deebro.es\/wp-content\/uploads\/2024\/10\/1727880421149-726x1024.jpg 726w, https:\/\/osera.deebro.es\/wp-content\/uploads\/2024\/10\/1727880421149-213x300.jpg 213w, https:\/\/osera.deebro.es\/wp-content\/uploads\/2024\/10\/1727880421149-768x1084.jpg 768w, https:\/\/osera.deebro.es\/wp-content\/uploads\/2024\/10\/1727880421149-1089x1536.jpg 1089w, https:\/\/osera.deebro.es\/wp-content\/uploads\/2024\/10\/1727880421149.jpg 1134w\" sizes=\"auto, (max-width: 726px) 100vw, 726px\" \/><\/a><\/figure>\n<\/figure>\n","protected":false},"excerpt":{"rendered":"<p>La Linea Buho, solo tiene recorrido entre Zaragoza y Villafranca, las noches de los Viernes y S\u00e1bados y v\u00edsperas de Festivos. Tambi\u00e9n colgamos la alternativa del Bus Nocturno N31 entre Zaragoza y Pina de Ebro<\/p>\n","protected":false},"author":3,"featured_media":0,"parent":0,"menu_order":0,"comment_status":"closed","ping_status":"closed","template":"","meta":{"footnotes":""},"class_list":["post-1246","page","type-page","status-publish","hentry"],"_links":{"self":[{"href":"https:\/\/osera.deebro.es\/index.php?rest_route=\/wp\/v2\/pages\/1246","targetHints":{"allow":["GET"]}}],"collection":[{"href":"https:\/\/osera.deebro.es\/index.php?rest_route=\/wp\/v2\/pages"}],"about":[{"href":"https:\/\/osera.deebro.es\/index.php?rest_route=\/wp\/v2\/types\/page"}],"author":[{"embeddable":true,"href":"https:\/\/osera.deebro.es\/index.php?rest_route=\/wp\/v2\/users\/3"}],"replies":[{"embeddable":true,"href":"https:\/\/osera.deebro.es\/index.php?rest_route=%2Fwp%2Fv2%2Fcomments&post=1246"}],"version-history":[{"count":6,"href":"https:\/\/osera.deebro.es\/index.php?rest_route=\/wp\/v2\/pages\/1246\/revisions"}],"predecessor-version":[{"id":1537,"href":"https:\/\/osera.deebro.es\/index.php?rest_route=\/wp\/v2\/pages\/1246\/revisions\/1537"}],"wp:attachment":[{"href":"https:\/\/osera.deebro.es\/index.php?rest_route=%2Fwp%2Fv2%2Fmedia&parent=1246"}],"curies":[{"name":"wp","href":"https:\/\/api.w.org\/{rel}","templated":true}]}}