{"id":165,"date":"2014-12-18T11:36:16","date_gmt":"2014-12-18T10:36:16","guid":{"rendered":"http:\/\/osera.deebro.es\/?page_id=165"},"modified":"2024-10-03T15:49:25","modified_gmt":"2024-10-03T14:49:25","slug":"biblioteca","status":"publish","type":"page","link":"https:\/\/osera.deebro.es\/?page_id=165","title":{"rendered":"Biblioteca"},"content":{"rendered":"\n<p>Si quieres llevarte alg\u00fan libro a casa para leer, puedes acudir a las oficinas del Ayuntamiento en el horario de 9:00 a14:00 horas.<\/p>\n\n\n\n<p>El tiempo de pr\u00e9stamo de los libros es de 15 d\u00edas.<\/p>\n\n\n\n<p>Cada bloque de estanter\u00edas tiene un n\u00famero en la parte superior que define la tem\u00e1tica y un listado de los libros que se pueden encontrar en ellas.<\/p>\n\n\n\n<p><strong>ESTANTER\u00cdA 1 CONSULTA<br><\/strong>\u2013 Enciclopedias<br>\u2013 Atlas<br>\u2013 Libros de consulta de Educaci\u00f3n Infantil y Primaria<br>\u2013 C\u00f3mics<br><strong>ESTANTERIA 2 NARRATIVA POES\u00cdA TEATRO<br><\/strong>\u2013 Premios Planeta<br>\u2013 Premios Nadal<br>\u2013 Premios Nobel<br>\u2013 Cl\u00e1sicos Greco-Latinos<br>\u2013 Grandes maestros del crimen y misterio<br>\u2013 Poes\u00eda cl\u00e1sica. Poes\u00eda actual<br>\u2013 Teatro<br><strong>ESTANTER\u00cdA 3 NARRATIVA<br><\/strong>\u2013 Colecci\u00f3n Lumen de narrativa extranjera<br>\u2013 Narrativa extranjera: realista ,hist\u00f3rica, fantas\u00eda, misterio y aventuras .<br><strong>ESTANTER\u00cdA 4 NARRATIVA<br><\/strong>\u2013 Colecci\u00f3n Club Internacional del Libro de narrativa nacional<br>\u2013 Diccionarios<br>\u2013 Lengua, gram\u00e1tica y ortograf\u00eda<br><strong>ESTANTER\u00cdAS 5 6 y 7 NARRATIVA<br><\/strong>\u2013 Colecci\u00f3n Agatha Cristie<br>\u2013 Colecci\u00f3n Alfred Hitchcok<br>\u2013 Colecci\u00f3n Conan Doyle<br>\u2013 Narrativa extranjera m\u00e1s actual. Novelas hist\u00f3ricas, de terror, de intriga, ciencia ficci\u00f3n y romance<br><strong>ESTANTER\u00cdA 8 NARRATIVA<br><\/strong>\u2013 Literatura Hispanoamericana<br>\u2013 Narrativa espa\u00f1ola actual<br><strong>ESTANTER\u00cdA 9 NARRATIVA<br><\/strong>\u2013 Narrativa espa\u00f1ola m\u00e1s actual . \u00daltimas novedades<br>\u2013 Novelas cortas, cuentos y relatos<br><strong>ESTANTER\u00cdA 10 ARTE Y BIOGRAF\u00cdAS<br><\/strong>\u2013 Enciclopedia Historia del Arte 8 tomos<br>\u2013 Enciclopedia Maestros de la Pintura 4 tomos<br>\u2013 Colecci\u00f3n : Introducci\u00f3n a la Historia del Arte<br>\u2013 Diccionario t\u00e9rminos de arte<br>\u2013 Biograf\u00edas : Protagonistas de la historia. Retratos de anta\u00f1o. Grandes biograf\u00edas<br><strong>ESTANTERIA 11 MEDICINA , PSICOLOG\u00cdA , FILOSOF\u00cdA , AUTOAYUDA Y RELIGI\u00d3N<br><\/strong>\u2013 Colecci\u00f3n el cuerpo humano<br>\u2013 Gran atlas de anatom\u00eda<br>\u2013 Formaci\u00f3n de padres<br>\u2013 Enciclopedia de Psicolog\u00eda<br>\u2013 La Biblia y otros libros de tem\u00e1tica religiosa<br><strong>ESTANTER\u00cdA 12 HISTORIA UNIVERSAL Y NACIONAL<br><\/strong>\u2013 Enciclopedia de Historia Universal 20 tomos<br>\u2013 Enciclopedia de Historia Universal 15 tomos<br>\u2013 Colecci\u00f3n RBA<br>\u2013 Colecci\u00f3n AKAL : historia del mundo contempor\u00e1neo<br>\u2013 Colecci\u00f3n: historias del viejo mundo<br>\u2013 Colecci\u00f3n temas clave<br>\u2013 Historia de Espa\u00f1a antigua y moderna<br><strong>ESTANTERIAS 13, 14 Y 15 ARAG\u00d3N<br><\/strong>\u2013 Geograf\u00eda y naturaleza<br>\u2013 Historia Y cultura<br>\u2013 Ciudades y pueblos<br><strong>ESTANTER\u00cdAS DE LIBROS INFANTILES Y JUVENILES<br>ARMARIO M\u00daSICA Y VIDEOS<\/strong><\/p>\n\n\n\n<div data-wp-interactive=\"core\/file\" class=\"wp-block-file\"><object data-wp-bind--hidden=\"!state.hasPdfPreview\" hidden class=\"wp-block-file__embed\" data=\"https:\/\/osera.deebro.es\/wp-content\/uploads\/2024\/10\/Biblioteca2024.pdf\" type=\"application\/pdf\" style=\"width:100%;height:600px\" aria-label=\"Incrustado de Listado actualizado de libros.\"><\/object><a id=\"wp-block-file--media-2c96ebcf-293d-4cbe-bc2f-150aad56e271\" href=\"https:\/\/osera.deebro.es\/wp-content\/uploads\/2024\/10\/Biblioteca2024.pdf\">Listado actualizado de libros<\/a><a href=\"https:\/\/osera.deebro.es\/wp-content\/uploads\/2024\/10\/Biblioteca2024.pdf\" class=\"wp-block-file__button wp-element-button\" download aria-describedby=\"wp-block-file--media-2c96ebcf-293d-4cbe-bc2f-150aad56e271\">Descarga<\/a><\/div>\n","protected":false},"excerpt":{"rendered":"<p>Si quieres llevarte alg\u00fan libro a casa para leer, puedes acudir a las oficinas del Ayuntamiento en el horario de 9:00 a14:00 horas. El tiempo de pr\u00e9stamo de los libros es de 15 d\u00edas. Cada bloque de estanter\u00edas tiene un n\u00famero en la parte superior que define la tem\u00e1tica y un listado de los libros &hellip; <a href=\"https:\/\/osera.deebro.es\/?page_id=165\" class=\"more-link\">Seguir leyendo <span class=\"screen-reader-text\">Biblioteca<\/span> <span class=\"meta-nav\">&rarr;<\/span><\/a><\/p>\n","protected":false},"author":3,"featured_media":0,"parent":0,"menu_order":0,"comment_status":"closed","ping_status":"closed","template":"","meta":{"footnotes":""},"class_list":["post-165","page","type-page","status-publish","hentry"],"_links":{"self":[{"href":"https:\/\/osera.deebro.es\/index.php?rest_route=\/wp\/v2\/pages\/165","targetHints":{"allow":["GET"]}}],"collection":[{"href":"https:\/\/osera.deebro.es\/index.php?rest_route=\/wp\/v2\/pages"}],"about":[{"href":"https:\/\/osera.deebro.es\/index.php?rest_route=\/wp\/v2\/types\/page"}],"author":[{"embeddable":true,"href":"https:\/\/osera.deebro.es\/index.php?rest_route=\/wp\/v2\/users\/3"}],"replies":[{"embeddable":true,"href":"https:\/\/osera.deebro.es\/index.php?rest_route=%2Fwp%2Fv2%2Fcomments&post=165"}],"version-history":[{"count":9,"href":"https:\/\/osera.deebro.es\/index.php?rest_route=\/wp\/v2\/pages\/165\/revisions"}],"predecessor-version":[{"id":1265,"href":"https:\/\/osera.deebro.es\/index.php?rest_route=\/wp\/v2\/pages\/165\/revisions\/1265"}],"wp:attachment":[{"href":"https:\/\/osera.deebro.es\/index.php?rest_route=%2Fwp%2Fv2%2Fmedia&parent=165"}],"curies":[{"name":"wp","href":"https:\/\/api.w.org\/{rel}","templated":true}]}}