{"id":4,"date":"2014-09-14T11:19:28","date_gmt":"2014-09-14T11:19:28","guid":{"rendered":"http:\/\/osera.deebro.es\/?page_id=4"},"modified":"2025-01-04T15:23:12","modified_gmt":"2025-01-04T14:23:12","slug":"historia","status":"publish","type":"page","link":"https:\/\/osera.deebro.es\/?page_id=4","title":{"rendered":"Historia"},"content":{"rendered":"<div class=\"wp-block-image is-style-default\">\n<figure class=\"aligncenter size-full\"><a href=\"https:\/\/osera.deebro.es\/wp-content\/uploads\/2024\/08\/oseraaire.jpg\"><img loading=\"lazy\" decoding=\"async\" width=\"800\" height=\"600\" src=\"https:\/\/osera.deebro.es\/wp-content\/uploads\/2024\/08\/oseraaire.jpg\" alt=\"\" class=\"wp-image-858\" srcset=\"https:\/\/osera.deebro.es\/wp-content\/uploads\/2024\/08\/oseraaire.jpg 800w, https:\/\/osera.deebro.es\/wp-content\/uploads\/2024\/08\/oseraaire-300x225.jpg 300w, https:\/\/osera.deebro.es\/wp-content\/uploads\/2024\/08\/oseraaire-768x576.jpg 768w\" sizes=\"auto, (max-width: 800px) 100vw, 800px\" \/><\/a><\/figure>\n<\/div>\n\n\n<p class=\"has-medium-font-size\"><strong>Geograf\u00eda<\/strong><\/p>\n\n\n\n<p>Osera de Ebro\u00a0es un pueblo de la Comunidad Aut\u00f3noma de Arag\u00f3n, de la provincia de Zaragoza, dentro de la Comarca Central, perteneciente a la Mancomunidad de la Ribera Izquierda del Ebro.  Situado a 35 km al sureste de Zaragoza, en la margen izquierda del rio Ebro. El termino municipal est\u00e1 atravesado por la autopista AP-2 y la carretera nacional N-2 entre los pk 349 y 357. El municipio tiene una superficie de 24,56 Km2. Osera est\u00e1 formado conjuntamente con los n\u00facleos de Aguilar de Ebro, as\u00ed como las Urbanizaciones de Extramuros (La Mezquita, El Vedadillo, Las Galachas, Los Arenales, El Llano, Las Canteras&#8230;.). En 2024 seg\u00fan el INE, Osera ten\u00eda, 428 habitantes, cuyo top\u00f3nimo es el de Oserano\/a.<\/p>\n\n\n\n<p>El relieve del territorio es predominante llano al encontrarse en el valle del Ebro, rio que discurre por el sur de oeste a este. La altitud del municipio oscila entre los 320 metros y los 160. El pueblo se alza a 174 metros sobre el nivel del mar. Parte del t\u00e9rmino municipal est\u00e1 ocupado por la Reserva natural dirigida de los Sotos y Galachos del Ebro.<\/p>\n\n\n\n<p class=\"has-medium-font-size\"><strong>Historia<\/strong><\/p>\n\n\n\n<p>No se tiene una idea clara sobre el origen del pueblo, las primeras referencias documentales aparecen en 1138. Durante la Edad Media y moderna el terreno perteneci\u00f3 a varios se\u00f1ores feudales; a los Cornel, Se\u00f1ores de Alfajar\u00edn, de 1348 a 1382, a la Baron\u00eda de Quinto en el Siglo XV, y desde 1626 fu\u00e9 marquesado. <\/p>\n\n\n\n<p>El nombre de Osera tiene dos posibles significados: uno que cuenta que antiguamente los osos bajaban del monte a beber agua a esta zona; y el otro que puede referirse al pueblo como un lugar donde se han hallado multitud de huesos.<\/p>\n\n\n<div class=\"wp-block-image\">\n<figure class=\"aligncenter size-large is-resized\"><a href=\"https:\/\/osera.deebro.es\/wp-content\/uploads\/2024\/08\/FB_IMG_1586705294086.jpg\"><img loading=\"lazy\" decoding=\"async\" src=\"https:\/\/osera.deebro.es\/wp-content\/uploads\/2024\/08\/FB_IMG_1586705294086-1024x278.jpg\" alt=\"\" class=\"wp-image-875\" width=\"706\" height=\"192\" srcset=\"https:\/\/osera.deebro.es\/wp-content\/uploads\/2024\/08\/FB_IMG_1586705294086-1024x278.jpg 1024w, https:\/\/osera.deebro.es\/wp-content\/uploads\/2024\/08\/FB_IMG_1586705294086-300x81.jpg 300w, https:\/\/osera.deebro.es\/wp-content\/uploads\/2024\/08\/FB_IMG_1586705294086-768x208.jpg 768w, https:\/\/osera.deebro.es\/wp-content\/uploads\/2024\/08\/FB_IMG_1586705294086.jpg 1080w\" sizes=\"auto, (max-width: 706px) 100vw, 706px\" \/><\/a><figcaption class=\"wp-element-caption\">Panor\u00e1mica de \u00abOssera\u00bb en acuarela de los viajes de Cosme de Medici III hacia 1668 a cargo de Pier Mar\u00eda Baldi<\/figcaption><\/figure>\n<\/div>\n\n\n<p class=\"has-medium-font-size\"><strong>Castillo de los Cornel<\/strong><\/p>\n\n\n\n<p>Osera formaba posiblemente parte de un poblamiento feudal cl\u00e1sico. Podr\u00eda ser en este momento cuando se llev\u00f3 a cabo la construcci\u00f3n del castillo al igual que sucedi\u00f3 con el castillo de Aguilar en 1170.<\/p>\n\n\n\n<p>A partir de este momento la documentaci\u00f3n muestra que en 1139 Osera pertenec\u00eda a Fortun de Vergua, en 1179 a O\u00edan de Osera y en 1229 Urraca de Osera es madre de Toda de Osera que est\u00e1 casada con Corbaran de Vergua. Tanto en 1293, cuando Jaime II entreg\u00f3 al se\u00f1or\u00edo a la familia Cornel, como en 1349, cuando el rey concedi\u00f3 a Tomas Cornel la baron\u00eda de Alfajar\u00edn, la villa y el castillo de Osera aparecen incluidas en la propiedad.<\/p>\n\n\n\n<p>Desde 1382 a 1468 la Baron\u00eda perteneci\u00f3 a Juan de Mur.<\/p>\n\n\n\n<p>En 1480 Osera paso a manos de Gaspar de Ari\u00f1o fundador de la baron\u00eda independiente de Osera. El Castillo se convierte en un lugar destacado en los acontecimientos importantes del momento. De esta forma el 6 de noviembre de este a\u00f1o Rodrigo de Alcarraz, anterior propietario, notific\u00f3 a los moros y cristianos del lugar la venta de la villa y del castillo en la puerta del mismo.<\/p>\n\n\n\n<p>Igualmente, en 1491, fecha de la fundaci\u00f3n de la baron\u00eda, los moros de Osera prestan vasallaje a los Ari\u00f1o. La reuni\u00f3n entre la se\u00f1ora y la aljama se produce dentro del castillo. Pero mas adelante la fortificaci\u00f3n deja de aparecer en los documentos. Poco a poco el castillo se qued\u00f3 en desuso y paso a ser un monumento de la localidad.<\/p>\n\n\n\n<p>Los restos del castillo-palacio ocupan el fondo de la Plaza Mayor, y se reducen a los cimientos de un edificio rectangular y una torre de mamposter\u00eda, tambi\u00e9n rectangular.<\/p>\n\n\n<div class=\"wp-block-image\">\n<figure class=\"aligncenter size-large is-resized\"><a href=\"https:\/\/osera.deebro.es\/wp-content\/uploads\/2024\/08\/castillo.jpg\"><img loading=\"lazy\" decoding=\"async\" src=\"https:\/\/osera.deebro.es\/wp-content\/uploads\/2024\/08\/castillo-edited.jpg\" alt=\"\" class=\"wp-image-859\" width=\"584\" height=\"438\" srcset=\"https:\/\/osera.deebro.es\/wp-content\/uploads\/2024\/08\/castillo-edited.jpg 822w, https:\/\/osera.deebro.es\/wp-content\/uploads\/2024\/08\/castillo-edited-300x225.jpg 300w, https:\/\/osera.deebro.es\/wp-content\/uploads\/2024\/08\/castillo-edited-768x576.jpg 768w\" sizes=\"auto, (max-width: 584px) 100vw, 584px\" \/><\/a><figcaption class=\"wp-element-caption\">Castillo de Osera<\/figcaption><\/figure>\n<\/div>\n\n\n<p class=\"has-medium-font-size\"><strong>Iglesia de Santa Engracia<\/strong><\/p>\n\n\n\n<p>La Iglesia que hoy vemos data de 1575, (se tienen datos de una iglesia anterior de 1280),  se corresponde a la tipolog\u00eda de Iglesia Mud\u00e9jar de nave \u00fanica sin tribunas. Se trata de una gran Iglesia de construcci\u00f3n de ladrillo y tapial, que consta de una sola nave de tres tramos cubierta con b\u00f3veda de crucer\u00eda estrellada, con capillas laterales entre los contrafuertes que se cubren con b\u00f3veda de crucer\u00eda simple.<\/p>\n\n\n\n<p>Al exterior se encuentra abierta en el muro sur por vanos de medio punto sobre las capillas laterales, para la iluminaci\u00f3n interior, mientras que en el muro opuesto se abre la portada de medio punto que se culmina en su parte superior por una galer\u00eda de arquillos de medio punto. La cabecera, de tres lados en planta en el interior, se manifiesta al exterior mediante cabecera plana en planta y circular en el alzado. En la zona de la cabecera se erigi\u00f3 la torre, de planta cuadrada en el cuerpo inferior, mientras que el resto de los cuerpos son octagonales, resolviendo el paso entre ambos por medio de torreoncillos en los \u00e1ngulos. Los cuerpos superiores octogonales est\u00e1n recorridos en toda su altura por pilastras que unifican la construcci\u00f3n. El resto de la superficie de la torre est\u00e1 recorrida por una alternancia de \u00f3culos y huecos de medio punto cegados, en sus diferentes cuerpos, y se completa la decoraci\u00f3n con piezas cer\u00e1micas bicolor en blanco y verde. Remata la torre un chapitel c\u00f3nico de cer\u00e1mica verde, blanca y roja.<\/p>\n\n\n\n<p>Hay que tener en cuenta que tan solo las parroquias de Osera, Nuez y Velilla ostentan la galer\u00eda aragonesa en su exterior.<\/p>\n\n\n\n<p>En 1984 recibi\u00f3 una primera fase de restauraci\u00f3n y en 1988 termin\u00f3 de completarse para verse tal y como est\u00e1 hoy en d\u00eda. El 16 de Agosto de 2002 se le declar\u00f3 Bien Catalogado del Patrimonio Cultural Aragon\u00e9s.<\/p>\n\n\n<div class=\"wp-block-image is-style-default\">\n<figure class=\"aligncenter size-large is-resized\"><a href=\"https:\/\/osera.deebro.es\/wp-content\/uploads\/2024\/08\/Iglesia.jpg\"><img loading=\"lazy\" decoding=\"async\" src=\"https:\/\/osera.deebro.es\/wp-content\/uploads\/2024\/08\/Iglesia-1024x800.jpg\" alt=\"\" class=\"wp-image-855\" width=\"539\" height=\"421\" srcset=\"https:\/\/osera.deebro.es\/wp-content\/uploads\/2024\/08\/Iglesia-1024x800.jpg 1024w, https:\/\/osera.deebro.es\/wp-content\/uploads\/2024\/08\/Iglesia-300x234.jpg 300w, https:\/\/osera.deebro.es\/wp-content\/uploads\/2024\/08\/Iglesia-768x600.jpg 768w, https:\/\/osera.deebro.es\/wp-content\/uploads\/2024\/08\/Iglesia-1536x1201.jpg 1536w, https:\/\/osera.deebro.es\/wp-content\/uploads\/2024\/08\/Iglesia-2048x1601.jpg 2048w\" sizes=\"auto, (max-width: 539px) 100vw, 539px\" \/><\/a><figcaption class=\"wp-element-caption\">Interior de la Iglesia de Santa Engracia (Osera)<\/figcaption><\/figure>\n<\/div>\n\n\n<p class=\"has-medium-font-size\"><strong>Otros Lugares de Inter\u00e9s<\/strong><\/p>\n\n\n\n<p>En Osera de Ebro tambi\u00e9n puedes visitar el <em><strong>antiguo deposito de agua<\/strong><\/em>, una construcci\u00f3n de 1957 que supuso una importante evoluci\u00f3n en el pueblo, o acercarse a los restos del antiguo <em><strong>Pont\u00f3n<\/strong><\/em>, donde part\u00edan las barcas para cruzar el rio hacia la Mejana de las Viudas para trabajar las tierras o cruzar al vecino pueblo de Fuentes de Ebro, o adentrarse en el coraz\u00f3n del Ebro a contemplar su paso desde el <em><strong>Embarcadero <\/strong><\/em>, frente al Castillo. Tambi\u00e9n destaca el<strong> puente del AVE<\/strong> sobre el rio Ebro, una interesante estructura formando una gran viga Vierendel, que es toda&nbsp;una obra de ingenier\u00eda.<\/p>\n\n\n\n<p>No podemos olvidarnos de la i<strong>glesia parroquial del SXVIII de Aguilar<\/strong>, ca\u00edda en decadencia en la Guerra Civil y finalmente derruida, as\u00ed como la <strong>villa romana de Los Aguilares<\/strong>, la <strong>Necr\u00f3polis romana de Las Eras<\/strong>, la <strong>Necr\u00f3polis musulmana<\/strong>, la <strong>Necr\u00f3polis medieval<\/strong> o el <strong>Yacimiento arqueol\u00f3gico de La Corona<\/strong>, todos ellos desaparecidos.<\/p>\n\n\n\n<p class=\"has-medium-font-size\"><strong>Flora y Fauna: las Cig\u00fce\u00f1as como protagonistas<\/strong><\/p>\n\n\n\n<p>Osera de Ebro cuenta con una rica variedad de especies de flora y fauna, donde destaca una por encima de todas; la cig\u00fce\u00f1a blanca. Con poblaciones durante todo el a\u00f1o tanto en la Iglesia como en los postes del tendido el\u00e9ctrico, siendo un enclave importante y fundamental en la reproducci\u00f3n de esta ave, que estuvo al borde del riesgo de extinci\u00f3n.<\/p>\n\n\n\n<p><\/p>\n\n\n\n<p><\/p>\n","protected":false},"excerpt":{"rendered":"<p>Geograf\u00eda Osera de Ebro\u00a0es un pueblo de la Comunidad Aut\u00f3noma de Arag\u00f3n, de la provincia de Zaragoza, dentro de la Comarca Central, perteneciente a la Mancomunidad de la Ribera Izquierda del Ebro. Situado a 35 km al sureste de Zaragoza, en la margen izquierda del rio Ebro. El termino municipal est\u00e1 atravesado por la autopista &hellip; <a href=\"https:\/\/osera.deebro.es\/?page_id=4\" class=\"more-link\">Seguir leyendo <span class=\"screen-reader-text\">Historia<\/span> <span class=\"meta-nav\">&rarr;<\/span><\/a><\/p>\n","protected":false},"author":3,"featured_media":0,"parent":0,"menu_order":0,"comment_status":"closed","ping_status":"closed","template":"","meta":{"footnotes":""},"class_list":["post-4","page","type-page","status-publish","hentry"],"_links":{"self":[{"href":"https:\/\/osera.deebro.es\/index.php?rest_route=\/wp\/v2\/pages\/4","targetHints":{"allow":["GET"]}}],"collection":[{"href":"https:\/\/osera.deebro.es\/index.php?rest_route=\/wp\/v2\/pages"}],"about":[{"href":"https:\/\/osera.deebro.es\/index.php?rest_route=\/wp\/v2\/types\/page"}],"author":[{"embeddable":true,"href":"https:\/\/osera.deebro.es\/index.php?rest_route=\/wp\/v2\/users\/3"}],"replies":[{"embeddable":true,"href":"https:\/\/osera.deebro.es\/index.php?rest_route=%2Fwp%2Fv2%2Fcomments&post=4"}],"version-history":[{"count":22,"href":"https:\/\/osera.deebro.es\/index.php?rest_route=\/wp\/v2\/pages\/4\/revisions"}],"predecessor-version":[{"id":1613,"href":"https:\/\/osera.deebro.es\/index.php?rest_route=\/wp\/v2\/pages\/4\/revisions\/1613"}],"wp:attachment":[{"href":"https:\/\/osera.deebro.es\/index.php?rest_route=%2Fwp%2Fv2%2Fmedia&parent=4"}],"curies":[{"name":"wp","href":"https:\/\/api.w.org\/{rel}","templated":true}]}}