{"id":9,"date":"2014-09-14T11:27:24","date_gmt":"2014-09-14T11:27:24","guid":{"rendered":"http:\/\/osera.deebro.es\/?page_id=9"},"modified":"2024-11-11T17:05:25","modified_gmt":"2024-11-11T16:05:25","slug":"ubicacion","status":"publish","type":"page","link":"https:\/\/osera.deebro.es\/?page_id=9","title":{"rendered":"Impresos y Gestiones"},"content":{"rendered":"<div class=\"wp-block-image\">\n<figure class=\"aligncenter size-large is-resized\"><a href=\"https:\/\/osera.deebro.es\/wp-content\/uploads\/2024\/08\/documentos.jpg\"><img loading=\"lazy\" decoding=\"async\" src=\"https:\/\/osera.deebro.es\/wp-content\/uploads\/2024\/08\/documentos-1024x640.jpg\" alt=\"\" class=\"wp-image-887\" width=\"114\" height=\"71\" srcset=\"https:\/\/osera.deebro.es\/wp-content\/uploads\/2024\/08\/documentos-1024x640.jpg 1024w, https:\/\/osera.deebro.es\/wp-content\/uploads\/2024\/08\/documentos-300x188.jpg 300w, https:\/\/osera.deebro.es\/wp-content\/uploads\/2024\/08\/documentos-768x480.jpg 768w, https:\/\/osera.deebro.es\/wp-content\/uploads\/2024\/08\/documentos.jpg 1280w\" sizes=\"auto, (max-width: 114px) 100vw, 114px\" \/><\/a><\/figure>\n<\/div>\n\n\n<p>Desde aqu\u00ed podr\u00e1 usted descargar los impresos para hacer sus gestiones con el Ayuntamiento<\/p>\n\n\n\n<p><a href=\"https:\/\/osera.deebro.es\/wp-content\/uploads\/2024\/09\/FormularioBando-1.pdf\">Bando por Whatsapp<\/a><\/p>\n\n\n\n<p><a href=\"https:\/\/osera.deebro.es\/wp-content\/uploads\/2014\/09\/material-pabellon.pdf\">Alquiler material pabell\u00f3n<\/a><\/p>\n\n\n\n<p><a href=\"https:\/\/osera.deebro.es\/wp-content\/uploads\/2014\/09\/uso-pabell\u00f3n.pdf\">Alquiler Pabell\u00f3n<\/a><\/p>\n\n\n\n<p><a href=\"https:\/\/osera.deebro.es\/wp-content\/uploads\/2014\/09\/licencia-obras.pdf\">Licencia de obras<\/a><\/p>\n\n\n\n<p><a href=\"https:\/\/osera.deebro.es\/wp-content\/uploads\/2014\/09\/instancia-general.pdf\">Instancia general<\/a><\/p>\n\n\n\n<p><a href=\"https:\/\/osera.deebro.es\/?page_id=1395\">Solicitud para la autorizaci\u00f3n del permiso de quema<\/a><\/p>\n","protected":false},"excerpt":{"rendered":"<p>Desde aqu\u00ed podr\u00e1 usted descargar los impresos para hacer sus gestiones con el Ayuntamiento Bando por Whatsapp Alquiler material pabell\u00f3n Alquiler Pabell\u00f3n Licencia de obras Instancia general Solicitud para la autorizaci\u00f3n del permiso de quema<\/p>\n","protected":false},"author":3,"featured_media":0,"parent":0,"menu_order":0,"comment_status":"closed","ping_status":"closed","template":"","meta":{"footnotes":""},"class_list":["post-9","page","type-page","status-publish","hentry"],"_links":{"self":[{"href":"https:\/\/osera.deebro.es\/index.php?rest_route=\/wp\/v2\/pages\/9","targetHints":{"allow":["GET"]}}],"collection":[{"href":"https:\/\/osera.deebro.es\/index.php?rest_route=\/wp\/v2\/pages"}],"about":[{"href":"https:\/\/osera.deebro.es\/index.php?rest_route=\/wp\/v2\/types\/page"}],"author":[{"embeddable":true,"href":"https:\/\/osera.deebro.es\/index.php?rest_route=\/wp\/v2\/users\/3"}],"replies":[{"embeddable":true,"href":"https:\/\/osera.deebro.es\/index.php?rest_route=%2Fwp%2Fv2%2Fcomments&post=9"}],"version-history":[{"count":9,"href":"https:\/\/osera.deebro.es\/index.php?rest_route=\/wp\/v2\/pages\/9\/revisions"}],"predecessor-version":[{"id":1401,"href":"https:\/\/osera.deebro.es\/index.php?rest_route=\/wp\/v2\/pages\/9\/revisions\/1401"}],"wp:attachment":[{"href":"https:\/\/osera.deebro.es\/index.php?rest_route=%2Fwp%2Fv2%2Fmedia&parent=9"}],"curies":[{"name":"wp","href":"https:\/\/api.w.org\/{rel}","templated":true}]}}